{"id":556,"date":"2019-09-26T05:28:41","date_gmt":"2019-09-26T04:28:41","guid":{"rendered":"https:\/\/tradicuisine.com\/?page_id=556"},"modified":"2023-01-16T10:19:51","modified_gmt":"2023-01-16T09:19:51","slug":"france","status":"publish","type":"page","link":"https:\/\/tradicuisine.com\/index.php\/europe\/france\/","title":{"rendered":"Recettes Fran\u00e7aises"},"content":{"rendered":"\n<p>Sur cette page, vous trouverez l\u2019ensemble de mes recettes fran\u00e7aises. Si vous souhaitez que je poste une recette sur un plat fran\u00e7ais en particulier, faites le moi savoir en laissant un commentaire sur cette page. Merci d\u2019avance et bonne visite \ud83d\ude42<\/p>\n\n\n\n<div class=\"wp-block-media-text alignwide is-stacked-on-mobile\"><figure class=\"wp-block-media-text__media\"><a href=\"https:\/\/tradicuisine.com\/index.php\/europe\/france\/blanquette-de-veau\/\"><img loading=\"lazy\" decoding=\"async\" width=\"1024\" height=\"576\" src=\"https:\/\/tradicuisine.com\/wp-content\/uploads\/2023\/01\/photo-plat-1024x576.jpg\" alt=\"\" class=\"wp-image-6638 size-full\" srcset=\"https:\/\/tradicuisine.com\/wp-content\/uploads\/2023\/01\/photo-plat-1024x576.jpg 1024w, https:\/\/tradicuisine.com\/wp-content\/uploads\/2023\/01\/photo-plat-300x169.jpg 300w, https:\/\/tradicuisine.com\/wp-content\/uploads\/2023\/01\/photo-plat-768x432.jpg 768w, https:\/\/tradicuisine.com\/wp-content\/uploads\/2023\/01\/photo-plat-1536x864.jpg 1536w, https:\/\/tradicuisine.com\/wp-content\/uploads\/2023\/01\/photo-plat-2048x1152.jpg 2048w, https:\/\/tradicuisine.com\/wp-content\/uploads\/2023\/01\/photo-plat-480x270.jpg 480w\" sizes=\"auto, (max-width: 1024px) 100vw, 1024px\" \/><\/a><\/figure><div class=\"wp-block-media-text__content\">\n<p class=\"has-text-align-center\"><a href=\"https:\/\/tradicuisine.com\/index.php\/europe\/france\/blanquette-de-veau\/\" data-type=\"page\" data-id=\"6637\">Blanquette de veau : morceaux de veau mijot\u00e9s dans une sauce li\u00e9e au beurre et \u00e0 la cr\u00e8me<\/a><\/p>\n<\/div><\/div>\n\n\n\n<div style=\"height:20px\" aria-hidden=\"true\" class=\"wp-block-spacer\"><\/div>\n\n\n\n<div class=\"wp-block-media-text alignwide is-stacked-on-mobile\"><figure class=\"wp-block-media-text__media\"><a href=\"https:\/\/tradicuisine.com\/index.php\/europe\/france\/boeuf-bourguignon\/\"><img decoding=\"async\" src=\"https:\/\/tradicuisine.com\/wp-content\/uploads\/2020\/12\/15102020-15102020-DSC06392-min.jpg\" alt=\"\" class=\"wp-image-5289 size-full\"\/><\/a><\/figure><div class=\"wp-block-media-text__content\">\n<p class=\"has-text-align-center\"><a href=\"https:\/\/tradicuisine.com\/index.php\/europe\/france\/boeuf-bourguignon\/\" data-type=\"page\" data-id=\"5288\">B\u0153uf bourguignon : morceaux de b\u0153uf mijot\u00e9s dans une sauce au vin rouge<\/a><\/p>\n<\/div><\/div>\n\n\n\n<div style=\"height:20px\" aria-hidden=\"true\" class=\"wp-block-spacer\"><\/div>\n\n\n\n<div class=\"wp-block-media-text alignwide is-stacked-on-mobile\"><figure class=\"wp-block-media-text__media\"><a href=\"https:\/\/tradicuisine.com\/index.php\/europe\/france\/soupe-a-loignon\/\"><img loading=\"lazy\" decoding=\"async\" width=\"2560\" height=\"1439\" src=\"https:\/\/tradicuisine.com\/wp-content\/uploads\/2020\/06\/28052020-28052020-DSC03272.jpg\" alt=\"\" class=\"wp-image-3502 size-full\" srcset=\"https:\/\/tradicuisine.com\/wp-content\/uploads\/2020\/06\/28052020-28052020-DSC03272.jpg 2560w, https:\/\/tradicuisine.com\/wp-content\/uploads\/2020\/06\/28052020-28052020-DSC03272-300x169.jpg 300w, https:\/\/tradicuisine.com\/wp-content\/uploads\/2020\/06\/28052020-28052020-DSC03272-1024x576.jpg 1024w, https:\/\/tradicuisine.com\/wp-content\/uploads\/2020\/06\/28052020-28052020-DSC03272-768x432.jpg 768w, https:\/\/tradicuisine.com\/wp-content\/uploads\/2020\/06\/28052020-28052020-DSC03272-1536x863.jpg 1536w, https:\/\/tradicuisine.com\/wp-content\/uploads\/2020\/06\/28052020-28052020-DSC03272-2048x1151.jpg 2048w, https:\/\/tradicuisine.com\/wp-content\/uploads\/2020\/06\/28052020-28052020-DSC03272-1568x881.jpg 1568w\" sizes=\"auto, (max-width: 2560px) 100vw, 2560px\" \/><\/a><\/figure><div class=\"wp-block-media-text__content\">\n<p class=\"has-text-align-center\"><a href=\"https:\/\/tradicuisine.com\/index.php\/europe\/france\/soupe-a-loignon\/\" data-type=\"page\" data-id=\"3501\">Soupe \u00e0 l&rsquo;oignon<\/a><\/p>\n<\/div><\/div>\n\n\n\n<div style=\"height:20px\" aria-hidden=\"true\" class=\"wp-block-spacer\"><\/div>\n\n\n\n<div class=\"wp-block-media-text alignwide is-stacked-on-mobile\"><figure class=\"wp-block-media-text__media\"><a href=\"https:\/\/tradicuisine.com\/index.php\/europe\/france\/crepes-pomme-cannelle\/\"><img loading=\"lazy\" decoding=\"async\" width=\"1024\" height=\"576\" src=\"https:\/\/tradicuisine.com\/wp-content\/uploads\/2020\/01\/07012020-crepe0-1024x576.jpg\" alt=\"\" class=\"wp-image-1141 size-full\" srcset=\"https:\/\/tradicuisine.com\/wp-content\/uploads\/2020\/01\/07012020-crepe0-1024x576.jpg 1024w, https:\/\/tradicuisine.com\/wp-content\/uploads\/2020\/01\/07012020-crepe0-300x169.jpg 300w, https:\/\/tradicuisine.com\/wp-content\/uploads\/2020\/01\/07012020-crepe0-768x432.jpg 768w, https:\/\/tradicuisine.com\/wp-content\/uploads\/2020\/01\/07012020-crepe0-1536x864.jpg 1536w, https:\/\/tradicuisine.com\/wp-content\/uploads\/2020\/01\/07012020-crepe0-2048x1152.jpg 2048w, https:\/\/tradicuisine.com\/wp-content\/uploads\/2020\/01\/07012020-crepe0-1568x882.jpg 1568w\" sizes=\"auto, (max-width: 1024px) 100vw, 1024px\" \/><\/a><\/figure><div class=\"wp-block-media-text__content\">\n<p class=\"has-text-align-center\"><a href=\"https:\/\/tradicuisine.com\/index.php\/europe\/france\/crepes-pomme-cannelle\/\" data-type=\"page\" data-id=\"1120\">Cr\u00eapes pomme-cannelle<\/a><\/p>\n<\/div><\/div>\n\n\n\n<div style=\"height:20px\" aria-hidden=\"true\" class=\"wp-block-spacer\"><\/div>\n\n\n\n<div class=\"wp-block-media-text alignwide is-stacked-on-mobile\"><figure class=\"wp-block-media-text__media\"><a href=\"https:\/\/tradicuisine.com\/index.php\/europe\/france\/hachis-parmentier\/\"><img loading=\"lazy\" decoding=\"async\" width=\"835\" height=\"470\" src=\"https:\/\/tradicuisine.com\/wp-content\/uploads\/2019\/09\/21092019-hachis2-ConvertImage.jpg\" alt=\"\" class=\"wp-image-585 size-full\" srcset=\"https:\/\/tradicuisine.com\/wp-content\/uploads\/2019\/09\/21092019-hachis2-ConvertImage.jpg 835w, https:\/\/tradicuisine.com\/wp-content\/uploads\/2019\/09\/21092019-hachis2-ConvertImage-300x169.jpg 300w, https:\/\/tradicuisine.com\/wp-content\/uploads\/2019\/09\/21092019-hachis2-ConvertImage-768x432.jpg 768w\" sizes=\"auto, (max-width: 835px) 100vw, 835px\" \/><\/a><\/figure><div class=\"wp-block-media-text__content\">\n<p class=\"has-text-align-center\"><a href=\"https:\/\/tradicuisine.com\/index.php\/europe\/france\/hachis-parmentier\/\" data-type=\"page\" data-id=\"561\">Hachis parmentier : viande hach\u00e9e et pur\u00e9e de pomme de terre gratin\u00e9e<\/a><\/p>\n<\/div><\/div>\n","protected":false},"excerpt":{"rendered":"<p>Sur cette page, vous trouverez l\u2019ensemble de mes recettes fran\u00e7aises. Si vous souhaitez que je poste une recette sur un plat fran\u00e7ais en particulier, faites le moi savoir en laissant un commentaire sur cette page. Merci d\u2019avance et bonne visite \ud83d\ude42 Blanquette de veau : morceaux de veau mijot\u00e9s dans une sauce li\u00e9e au beurre &hellip;<\/p>\n<p class=\"read-more\"> <a class=\"\" href=\"https:\/\/tradicuisine.com\/index.php\/europe\/france\/\"> <span class=\"screen-reader-text\">Recettes Fran\u00e7aises<\/span> Lire la suite\u00a0\u00bb<\/a><\/p>\n","protected":false},"author":1,"featured_media":0,"parent":3232,"menu_order":3,"comment_status":"open","ping_status":"closed","template":"","meta":{"wprm-recipe-roundup-name":"","wprm-recipe-roundup-description":"","site-sidebar-layout":"default","site-content-layout":"default","ast-global-header-display":"","ast-main-header-display":"","ast-hfb-above-header-display":"","ast-hfb-below-header-display":"","ast-hfb-mobile-header-display":"","site-post-title":"","ast-breadcrumbs-content":"","ast-featured-img":"","footer-sml-layout":"","theme-transparent-header-meta":"","adv-header-id-meta":"","stick-header-meta":"","header-above-stick-meta":"","header-main-stick-meta":"","header-below-stick-meta":"","footnotes":""},"class_list":["post-556","page","type-page","status-publish","hentry"],"_links":{"self":[{"href":"https:\/\/tradicuisine.com\/index.php\/wp-json\/wp\/v2\/pages\/556","targetHints":{"allow":["GET"]}}],"collection":[{"href":"https:\/\/tradicuisine.com\/index.php\/wp-json\/wp\/v2\/pages"}],"about":[{"href":"https:\/\/tradicuisine.com\/index.php\/wp-json\/wp\/v2\/types\/page"}],"author":[{"embeddable":true,"href":"https:\/\/tradicuisine.com\/index.php\/wp-json\/wp\/v2\/users\/1"}],"replies":[{"embeddable":true,"href":"https:\/\/tradicuisine.com\/index.php\/wp-json\/wp\/v2\/comments?post=556"}],"version-history":[{"count":5,"href":"https:\/\/tradicuisine.com\/index.php\/wp-json\/wp\/v2\/pages\/556\/revisions"}],"predecessor-version":[{"id":6656,"href":"https:\/\/tradicuisine.com\/index.php\/wp-json\/wp\/v2\/pages\/556\/revisions\/6656"}],"up":[{"embeddable":true,"href":"https:\/\/tradicuisine.com\/index.php\/wp-json\/wp\/v2\/pages\/3232"}],"wp:attachment":[{"href":"https:\/\/tradicuisine.com\/index.php\/wp-json\/wp\/v2\/media?parent=556"}],"curies":[{"name":"wp","href":"https:\/\/api.w.org\/{rel}","templated":true}]}}