{"id":313,"date":"2019-09-04T00:00:39","date_gmt":"2019-09-03T23:00:39","guid":{"rendered":"https:\/\/tradicuisine.com\/?page_id=313"},"modified":"2023-02-20T15:32:37","modified_gmt":"2023-02-20T14:32:37","slug":"thailande","status":"publish","type":"page","link":"https:\/\/tradicuisine.com\/index.php\/asie\/thailande\/","title":{"rendered":"Recettes Tha\u00eflandaises"},"content":{"rendered":"\n<p>Sur cette page, vous trouverez l\u2019ensemble de mes recettes tha\u00eflandaises. Si vous souhaitez que je poste une recette sur un plat tha\u00eflandais en particulier, faites le moi savoir en laissant un commentaire sur cette page. Merci d\u2019avance et bonne visite \ud83d\ude42<\/p>\n\n\n\n<div style=\"height:20px\" aria-hidden=\"true\" class=\"wp-block-spacer\"><\/div>\n\n\n\n<div class=\"wp-block-media-text alignwide is-stacked-on-mobile\"><figure class=\"wp-block-media-text__media\"><a href=\"https:\/\/tradicuisine.com\/index.php\/asie\/thailande\/pad-see-ew\/\"><img loading=\"lazy\" decoding=\"async\" width=\"2560\" height=\"1439\" src=\"https:\/\/tradicuisine.com\/wp-content\/uploads\/2020\/07\/23072020-23072020-DSC03935.jpg\" alt=\"\" class=\"wp-image-4429 size-full\" srcset=\"https:\/\/tradicuisine.com\/wp-content\/uploads\/2020\/07\/23072020-23072020-DSC03935.jpg 2560w, https:\/\/tradicuisine.com\/wp-content\/uploads\/2020\/07\/23072020-23072020-DSC03935-300x169.jpg 300w, https:\/\/tradicuisine.com\/wp-content\/uploads\/2020\/07\/23072020-23072020-DSC03935-1024x576.jpg 1024w, https:\/\/tradicuisine.com\/wp-content\/uploads\/2020\/07\/23072020-23072020-DSC03935-768x432.jpg 768w, https:\/\/tradicuisine.com\/wp-content\/uploads\/2020\/07\/23072020-23072020-DSC03935-1536x863.jpg 1536w, https:\/\/tradicuisine.com\/wp-content\/uploads\/2020\/07\/23072020-23072020-DSC03935-2048x1151.jpg 2048w, https:\/\/tradicuisine.com\/wp-content\/uploads\/2020\/07\/23072020-23072020-DSC03935-1568x881.jpg 1568w\" sizes=\"auto, (max-width: 2560px) 100vw, 2560px\" \/><\/a><\/figure><div class=\"wp-block-media-text__content\">\n<p class=\"has-text-align-center\"><a href=\"https:\/\/tradicuisine.com\/index.php\/asie\/thailande\/pad-see-ew\/\" data-type=\"page\" data-id=\"4427\">Pad see ew : nouilles saut\u00e9es tha\u00eflandaises \u00e0 la sauce soja<\/a><\/p>\n<\/div><\/div>\n\n\n\n<div style=\"height:20px\" aria-hidden=\"true\" class=\"wp-block-spacer\"><\/div>\n\n\n\n<div class=\"wp-block-media-text alignwide is-stacked-on-mobile\"><figure class=\"wp-block-media-text__media\"><a href=\"https:\/\/tradicuisine.com\/index.php\/asie\/thailande\/perles-de-tapioca-au-lait-de-coco\/\"><img loading=\"lazy\" decoding=\"async\" width=\"2560\" height=\"1439\" src=\"https:\/\/tradicuisine.com\/wp-content\/uploads\/2020\/05\/15052020-15052020-DSC03152.jpg\" alt=\"\" class=\"wp-image-3166 size-full\" srcset=\"https:\/\/tradicuisine.com\/wp-content\/uploads\/2020\/05\/15052020-15052020-DSC03152.jpg 2560w, https:\/\/tradicuisine.com\/wp-content\/uploads\/2020\/05\/15052020-15052020-DSC03152-300x169.jpg 300w, https:\/\/tradicuisine.com\/wp-content\/uploads\/2020\/05\/15052020-15052020-DSC03152-1024x576.jpg 1024w, https:\/\/tradicuisine.com\/wp-content\/uploads\/2020\/05\/15052020-15052020-DSC03152-768x432.jpg 768w, https:\/\/tradicuisine.com\/wp-content\/uploads\/2020\/05\/15052020-15052020-DSC03152-1536x863.jpg 1536w, https:\/\/tradicuisine.com\/wp-content\/uploads\/2020\/05\/15052020-15052020-DSC03152-2048x1151.jpg 2048w, https:\/\/tradicuisine.com\/wp-content\/uploads\/2020\/05\/15052020-15052020-DSC03152-1568x881.jpg 1568w\" sizes=\"auto, (max-width: 2560px) 100vw, 2560px\" \/><\/a><\/figure><div class=\"wp-block-media-text__content\">\n<p class=\"has-text-align-center\"><a href=\"https:\/\/tradicuisine.com\/index.php\/asie\/thailande\/perles-de-tapioca-au-lait-de-coco\/\" data-type=\"page\" data-id=\"3165\">Perles de tapioca au lait de coco<\/a><\/p>\n<\/div><\/div>\n\n\n\n<div style=\"height:20px\" aria-hidden=\"true\" class=\"wp-block-spacer\"><\/div>\n\n\n\n<div class=\"wp-block-media-text alignwide is-stacked-on-mobile\"><figure class=\"wp-block-media-text__media\"><a href=\"https:\/\/tradicuisine.com\/index.php\/asie\/thailande\/riz-saute-thai-a-lananas\/\"><img loading=\"lazy\" decoding=\"async\" width=\"2560\" height=\"1440\" src=\"https:\/\/tradicuisine.com\/wp-content\/uploads\/2020\/04\/20042020-DSC02720.jpg\" alt=\"\" class=\"wp-image-2937 size-full\" srcset=\"https:\/\/tradicuisine.com\/wp-content\/uploads\/2020\/04\/20042020-DSC02720.jpg 2560w, https:\/\/tradicuisine.com\/wp-content\/uploads\/2020\/04\/20042020-DSC02720-300x169.jpg 300w, https:\/\/tradicuisine.com\/wp-content\/uploads\/2020\/04\/20042020-DSC02720-1024x576.jpg 1024w, https:\/\/tradicuisine.com\/wp-content\/uploads\/2020\/04\/20042020-DSC02720-768x432.jpg 768w, https:\/\/tradicuisine.com\/wp-content\/uploads\/2020\/04\/20042020-DSC02720-1536x864.jpg 1536w, https:\/\/tradicuisine.com\/wp-content\/uploads\/2020\/04\/20042020-DSC02720-2048x1152.jpg 2048w, https:\/\/tradicuisine.com\/wp-content\/uploads\/2020\/04\/20042020-DSC02720-1568x882.jpg 1568w\" sizes=\"auto, (max-width: 2560px) 100vw, 2560px\" \/><\/a><\/figure><div class=\"wp-block-media-text__content\">\n<p class=\"has-text-align-center\"><a href=\"https:\/\/tradicuisine.com\/index.php\/asie\/thailande\/riz-saute-thai-a-lananas\/\" data-type=\"page\" data-id=\"2929\">Khao pad sapparot : riz saut\u00e9 \u00e0 l&rsquo;ananas<\/a><\/p>\n<\/div><\/div>\n\n\n\n<div style=\"height:20px\" aria-hidden=\"true\" class=\"wp-block-spacer\"><\/div>\n\n\n\n<div class=\"wp-block-media-text alignwide is-stacked-on-mobile\"><figure class=\"wp-block-media-text__media\"><a href=\"https:\/\/tradicuisine.com\/index.php\/asie\/thailande\/mangue-et-riz-gluant\/\"><img loading=\"lazy\" decoding=\"async\" width=\"1024\" height=\"683\" src=\"https:\/\/tradicuisine.com\/wp-content\/uploads\/2020\/03\/DSC01413-1024x683.jpg\" alt=\"\" class=\"wp-image-1529 size-full\" srcset=\"https:\/\/tradicuisine.com\/wp-content\/uploads\/2020\/03\/DSC01413-1024x683.jpg 1024w, https:\/\/tradicuisine.com\/wp-content\/uploads\/2020\/03\/DSC01413-300x200.jpg 300w, https:\/\/tradicuisine.com\/wp-content\/uploads\/2020\/03\/DSC01413-768x512.jpg 768w, https:\/\/tradicuisine.com\/wp-content\/uploads\/2020\/03\/DSC01413-1536x1024.jpg 1536w, https:\/\/tradicuisine.com\/wp-content\/uploads\/2020\/03\/DSC01413-1568x1045.jpg 1568w, https:\/\/tradicuisine.com\/wp-content\/uploads\/2020\/03\/DSC01413.jpg 1620w\" sizes=\"auto, (max-width: 1024px) 100vw, 1024px\" \/><\/a><\/figure><div class=\"wp-block-media-text__content\">\n<p class=\"has-text-align-center\"><a href=\"https:\/\/tradicuisine.com\/index.php\/asie\/thailande\/mangue-et-riz-gluant\/\" data-type=\"page\" data-id=\"1527\">Kao niew mamuang : mangue et riz gluant au lait de coco<\/a><\/p>\n<\/div><\/div>\n\n\n\n<div style=\"height:20px\" aria-hidden=\"true\" class=\"wp-block-spacer\"><\/div>\n\n\n\n<div class=\"wp-block-media-text alignwide is-stacked-on-mobile\"><figure class=\"wp-block-media-text__media\"><a href=\"https:\/\/tradicuisine.com\/index.php\/asie\/thailande\/nouilles-sautees-avec-du-tofu-et-des-cacahuetes\/\"><img loading=\"lazy\" decoding=\"async\" width=\"1024\" height=\"576\" src=\"https:\/\/tradicuisine.com\/wp-content\/uploads\/2019\/12\/07122019-padThai5-1024x576.jpg\" alt=\"\" class=\"wp-image-1003 size-full\" srcset=\"https:\/\/tradicuisine.com\/wp-content\/uploads\/2019\/12\/07122019-padThai5-1024x576.jpg 1024w, https:\/\/tradicuisine.com\/wp-content\/uploads\/2019\/12\/07122019-padThai5-300x169.jpg 300w, https:\/\/tradicuisine.com\/wp-content\/uploads\/2019\/12\/07122019-padThai5-768x432.jpg 768w, https:\/\/tradicuisine.com\/wp-content\/uploads\/2019\/12\/07122019-padThai5-1536x864.jpg 1536w, https:\/\/tradicuisine.com\/wp-content\/uploads\/2019\/12\/07122019-padThai5-2048x1152.jpg 2048w, https:\/\/tradicuisine.com\/wp-content\/uploads\/2019\/12\/07122019-padThai5-1568x882.jpg 1568w\" sizes=\"auto, (max-width: 1024px) 100vw, 1024px\" \/><\/a><\/figure><div class=\"wp-block-media-text__content\">\n<p class=\"has-text-align-center\"><a href=\"https:\/\/tradicuisine.com\/index.php\/asie\/thailande\/nouilles-sautees-avec-du-tofu-et-des-cacahuetes\/\" data-type=\"page\" data-id=\"1001\">Pad thai : nouilles saut\u00e9es avec du tofu et des cacahu\u00e8tes<\/a><\/p>\n<\/div><\/div>\n\n\n\n<div style=\"height:20px\" aria-hidden=\"true\" class=\"wp-block-spacer\"><\/div>\n\n\n\n<div class=\"wp-block-media-text alignwide is-stacked-on-mobile\"><figure class=\"wp-block-media-text__media\"><a href=\"https:\/\/tradicuisine.com\/index.php\/asie\/thailande\/flan-a-la-coco-dans-une-citrouille\/\"><img loading=\"lazy\" decoding=\"async\" width=\"1024\" height=\"577\" src=\"https:\/\/tradicuisine.com\/wp-content\/uploads\/2019\/11\/21102019-citrouille4-ConvertImage-1-1024x577.jpg\" alt=\"\" class=\"wp-image-856 size-full\" srcset=\"https:\/\/tradicuisine.com\/wp-content\/uploads\/2019\/11\/21102019-citrouille4-ConvertImage-1-1024x577.jpg 1024w, https:\/\/tradicuisine.com\/wp-content\/uploads\/2019\/11\/21102019-citrouille4-ConvertImage-1-300x169.jpg 300w, https:\/\/tradicuisine.com\/wp-content\/uploads\/2019\/11\/21102019-citrouille4-ConvertImage-1-768x432.jpg 768w, https:\/\/tradicuisine.com\/wp-content\/uploads\/2019\/11\/21102019-citrouille4-ConvertImage-1-1536x865.jpg 1536w, https:\/\/tradicuisine.com\/wp-content\/uploads\/2019\/11\/21102019-citrouille4-ConvertImage-1-1568x883.jpg 1568w, https:\/\/tradicuisine.com\/wp-content\/uploads\/2019\/11\/21102019-citrouille4-ConvertImage-1.jpg 1911w\" sizes=\"auto, (max-width: 1024px) 100vw, 1024px\" \/><\/a><\/figure><div class=\"wp-block-media-text__content\">\n<p class=\"has-text-align-center\"><a href=\"https:\/\/tradicuisine.com\/index.php\/asie\/thailande\/flan-a-la-coco-dans-une-citrouille\/\" data-type=\"page\" data-id=\"805\">Faktong sangkaya : flan \u00e0 la coco cuit dans une citrouille<\/a><\/p>\n<\/div><\/div>\n\n\n\n<div style=\"height:20px\" aria-hidden=\"true\" class=\"wp-block-spacer\"><\/div>\n\n\n\n<div class=\"wp-block-media-text alignwide is-stacked-on-mobile\"><figure class=\"wp-block-media-text__media\"><a href=\"https:\/\/tradicuisine.com\/index.php\/asie\/thailande\/curry-vert\/\"><img loading=\"lazy\" decoding=\"async\" width=\"600\" height=\"338\" src=\"https:\/\/tradicuisine.com\/wp-content\/uploads\/2019\/09\/002curry-ConvertImage-3.jpg\" alt=\"\" class=\"wp-image-398 size-full\" srcset=\"https:\/\/tradicuisine.com\/wp-content\/uploads\/2019\/09\/002curry-ConvertImage-3.jpg 600w, https:\/\/tradicuisine.com\/wp-content\/uploads\/2019\/09\/002curry-ConvertImage-3-300x169.jpg 300w\" sizes=\"auto, (max-width: 600px) 100vw, 600px\" \/><\/a><\/figure><div class=\"wp-block-media-text__content\">\n<p><a href=\"https:\/\/tradicuisine.com\/index.php\/asie\/thailande\/curry-vert\/\" data-type=\"page\" data-id=\"319\">Gaeng keow waan : soupe au curry vert avec du poulet<\/a><\/p>\n<\/div><\/div>\n","protected":false},"excerpt":{"rendered":"<p>Sur cette page, vous trouverez l\u2019ensemble de mes recettes tha\u00eflandaises. Si vous souhaitez que je poste une recette sur un plat tha\u00eflandais en particulier, faites le moi savoir en laissant un commentaire sur cette page. Merci d\u2019avance et bonne visite \ud83d\ude42 Pad see ew : nouilles saut\u00e9es tha\u00eflandaises \u00e0 la sauce soja Perles de tapioca &hellip;<\/p>\n<p class=\"read-more\"> <a class=\"\" href=\"https:\/\/tradicuisine.com\/index.php\/asie\/thailande\/\"> <span class=\"screen-reader-text\">Recettes Tha\u00eflandaises<\/span> Lire la suite\u00a0\u00bb<\/a><\/p>\n","protected":false},"author":1,"featured_media":0,"parent":3219,"menu_order":9,"comment_status":"open","ping_status":"closed","template":"","meta":{"wprm-recipe-roundup-name":"","wprm-recipe-roundup-description":"","site-sidebar-layout":"default","site-content-layout":"default","ast-global-header-display":"","ast-main-header-display":"","ast-hfb-above-header-display":"","ast-hfb-below-header-display":"","ast-hfb-mobile-header-display":"","site-post-title":"","ast-breadcrumbs-content":"","ast-featured-img":"","footer-sml-layout":"","theme-transparent-header-meta":"","adv-header-id-meta":"","stick-header-meta":"","header-above-stick-meta":"","header-main-stick-meta":"","header-below-stick-meta":"","footnotes":""},"class_list":["post-313","page","type-page","status-publish","hentry"],"_links":{"self":[{"href":"https:\/\/tradicuisine.com\/index.php\/wp-json\/wp\/v2\/pages\/313","targetHints":{"allow":["GET"]}}],"collection":[{"href":"https:\/\/tradicuisine.com\/index.php\/wp-json\/wp\/v2\/pages"}],"about":[{"href":"https:\/\/tradicuisine.com\/index.php\/wp-json\/wp\/v2\/types\/page"}],"author":[{"embeddable":true,"href":"https:\/\/tradicuisine.com\/index.php\/wp-json\/wp\/v2\/users\/1"}],"replies":[{"embeddable":true,"href":"https:\/\/tradicuisine.com\/index.php\/wp-json\/wp\/v2\/comments?post=313"}],"version-history":[{"count":6,"href":"https:\/\/tradicuisine.com\/index.php\/wp-json\/wp\/v2\/pages\/313\/revisions"}],"predecessor-version":[{"id":6891,"href":"https:\/\/tradicuisine.com\/index.php\/wp-json\/wp\/v2\/pages\/313\/revisions\/6891"}],"up":[{"embeddable":true,"href":"https:\/\/tradicuisine.com\/index.php\/wp-json\/wp\/v2\/pages\/3219"}],"wp:attachment":[{"href":"https:\/\/tradicuisine.com\/index.php\/wp-json\/wp\/v2\/media?parent=313"}],"curies":[{"name":"wp","href":"https:\/\/api.w.org\/{rel}","templated":true}]}}