{"id":2842,"date":"2020-04-25T12:27:12","date_gmt":"2020-04-25T11:27:12","guid":{"rendered":"https:\/\/tradicuisine.com\/?page_id=2842"},"modified":"2020-04-25T12:27:12","modified_gmt":"2020-04-25T11:27:12","slug":"harissa","status":"publish","type":"page","link":"https:\/\/tradicuisine.com\/index.php\/ingredients-indispensables\/cuisine-du-maghreb\/harissa\/","title":{"rendered":"Harissa"},"content":{"rendered":"\n<blockquote class=\"wp-block-quote is-layout-flow wp-block-quote-is-layout-flow\"><p>Harissa<\/p><cite>(Cuisine Du Maghreb)<\/cite><\/blockquote>\n\n\n\n<p>Le terme <strong><em><code>harissa<\/code><\/em><\/strong> vient du verbe <strong><em><code>harasa<\/code><\/em><\/strong> (\u0647\u0631\u0633) qui signifie \u00ab\u00a0\u00e9craser\/broyer\u00a0\u00bb en arabe. Ce terme fait r\u00e9f\u00e9rence \u00e0 un condiment d&rsquo;origine tunisienne qui se pr\u00e9sente sous la forme d&rsquo;une pur\u00e9e de piment rouge. Plus pr\u00e9cis\u00e9ment, la <strong><em><code>harissa<\/code><\/em><\/strong> est pr\u00e9par\u00e9e en broyant des piments secs, crus ou cuits, avec quelques \u00e9pices comme du carvi, du cumin et de la coriandre, et parfois des gousses d&rsquo;ail. Il existe de nombreuses vari\u00e9t\u00e9s de harissa, variant l\u00e9g\u00e8rement selon le mode de pr\u00e9paration, le type de piment utilis\u00e9 ainsi que les \u00e9pices et autres ingr\u00e9dients ajout\u00e9es. La force du piment se situe g\u00e9n\u00e9ralement aux alentours de 50 000 sur l&rsquo;\u00e9chelle de Scoville, ce qui place la <strong><em><code>harissa<\/code><\/em><\/strong> au dessus de piment de Cayenne et en dessous du piment tha\u00ef. <\/p>\n\n\n\n<p>Au Maghreb, la <strong><em><code>harissa<\/code><\/em><\/strong> est utilis\u00e9e non seulement pour assaisonner les plats (<a href=\"https:\/\/tradicuisine.com\/index.php\/maghreb\/couscous\/\">couscous<\/a>, <a href=\"https:\/\/tradicuisine.com\/index.php\/maghreb\/brick-a-la-viande-hachee\/\">bricks<\/a>..), mais aussi comme sauce piment\u00e9e \u00e0 ajouter dans les sandwichs ou \u00e0 servir comme sauce trempette tr\u00e8s relev\u00e9e. En Tunisie, la <strong><em><code>harissa<\/code><\/em><\/strong> est consid\u00e9r\u00e9e comme la sauce nationale et fait partie de l&rsquo;alimentation journali\u00e8re de quasiment toutes les familles.<\/p>\n\n\n\n<h3 class=\"wp-block-heading\">O\u00f9 acheter de la harissa ?<\/h3>\n\n\n\n<p>On trouve de la <strong><em><code>harissa<\/code><\/em><\/strong> dans tous les grands supermarch\u00e9s en France (<a href=\"https:\/\/www.carrefour.fr\/p\/sauce-harissa-le-phare-du-cap-bon-6194049100013\">Carrefour<\/a>, <a href=\"https:\/\/www.monoprix.fr\/courses\/harissa-1864221-p\">Monoprix<\/a>, <a href=\"https:\/\/www.auchan.fr\/le-phare-du-cap-bon-harissa-en-tube-140g\/pr-874737\">Auchan<\/a>), ainsi que dans toutes les \u00e9piceries orientales. La marque la plus connue est le \u00ab\u00a0Phare Du Cap Bon\u00a0\u00bb qui propose de la <strong><em><code>harissa<\/code><\/em><\/strong> en tube et en conserve, la version tube \u00e9tant \u00e0 pr\u00e9f\u00e9rer pour une utilisation peu fr\u00e9quente. On peut en acheter en ligne, par exemple :<\/p>\n\n\n\n<ul class=\"wp-block-list\"><li><a href=\"https:\/\/www.amazon.fr\/Phare-cap-bon-Harissa-Tube\/dp\/B0013XYVB2\">Amazon.fr<\/a><\/li><li><a href=\"https:\/\/www.alepmarket.fr\/fr\/concentres\/5401-harissa-piquante-le-phare-du-cap-bon-135g.html\">Alepmarket.fr<\/a><\/li><li><a href=\"https:\/\/www.epices-du-monde.com\/article\/6194049100105\/harissa-140gr-le-phare-du-cap-bon?gclid=CjwKCAjwv4_1BRAhEiwAtMDLsmJEpwWB83wOgtZPyhMF_XPmA1A56n8Gh9Yb8BE-n9wsPt_IZwKDUxoCfmQQAvD_BwE\">Epices-du-monde.com<\/a><\/li><\/ul>\n\n\n\n<p>Une fois ouverte, la <strong><em><code>harissa<\/code><\/em><\/strong> vendue en version tube peut se conserver plusieurs mois au r\u00e9frig\u00e9rateur.<\/p>\n\n\n\n<h3 class=\"wp-block-heading\">Comment faire de la harissa maison ?<\/h3>\n\n\n\n<p>Vous pouvez r\u00e9aliser facilement de la <strong><em><code>harissa<\/code><\/em><\/strong> maison \u00e0 partir de piment frais avec la recette suivante :<\/p>\n\n\n\n<h4 class=\"wp-block-heading\"><strong>Ingr\u00e9dients :<\/strong><\/h4>\n\n\n\n<ul class=\"wp-block-list\"><li>500g de piments rouges<\/li><li>3 gousses d&rsquo;ail, pel\u00e9es<\/li><li>1\/2 c\u00e0s de graine de coriandre moulue<\/li><li>1\/2 c\u00e0c de carvi<\/li><li>1\/4 c\u00e0c de cumin moulu<\/li><li>1\/2 c\u00e0c de sel<\/li><\/ul>\n\n\n\n<h4 class=\"wp-block-heading\"><strong>Instructions :<\/strong><\/h4>\n\n\n\n<p>Commencer par retirer les graines des piments pour \u00e9viter que votre <em><strong><code>harissa<\/code><\/strong><\/em> ne soit trop piquante. <\/p>\n\n\n\n<p>Cuire les piments \u00e0 la vapeur, pendant environ 30 minutes.<\/p>\n\n\n\n<p>Avec un mixeur (ou un mortier), mixer tous les ingr\u00e9dients ensemble de sorte \u00e0 obtenir un m\u00e9lange relativement lisse.<\/p>\n\n\n\n<h4 class=\"wp-block-heading\"><strong>Conservation :<\/strong><\/h4>\n\n\n\n<p>La <strong><em><code>harissa<\/code><\/em><\/strong> maison se conserve tr\u00e8s bien au cong\u00e9lateur pendant environ six mois. Une fois d\u00e9congel\u00e9e, il faut la garder au r\u00e9frig\u00e9rateur et la consommer dans la semaine. De ce fait, je vous conseille de la congeler par petite portion pour pouvoir d\u00e9congeler uniquement la quantit\u00e9 dont vous avez besoin. Pour ma part, j&rsquo;utilise des bacs \u00e0 gla\u00e7ons pour obtenir des cubes de <strong><em><code>harissa<\/code><\/em><\/strong>, puis je les transf\u00e8re dans un sac cong\u00e9lation.<\/p>\n\n\n\n<p>Si vous ne pouvez pas congeler votre <code><em><strong>harissa<\/strong><\/em><\/code> maison, vous pouvez la conserver au r\u00e9frig\u00e9rateur pendant plusieurs mois en la couvrant d&rsquo;huile d&rsquo;olive.<\/p>\n","protected":false},"excerpt":{"rendered":"<p>Harissa (Cuisine Du Maghreb) Le terme harissa vient du verbe harasa (\u0647\u0631\u0633) qui signifie \u00ab\u00a0\u00e9craser\/broyer\u00a0\u00bb en arabe. Ce terme fait r\u00e9f\u00e9rence \u00e0 un condiment d&rsquo;origine tunisienne qui se pr\u00e9sente sous la forme d&rsquo;une pur\u00e9e de piment rouge. Plus pr\u00e9cis\u00e9ment, la harissa est pr\u00e9par\u00e9e en broyant des piments secs, crus ou cuits, avec quelques \u00e9pices comme &hellip;<\/p>\n<p class=\"read-more\"> <a class=\"\" href=\"https:\/\/tradicuisine.com\/index.php\/ingredients-indispensables\/cuisine-du-maghreb\/harissa\/\"> <span class=\"screen-reader-text\">Harissa<\/span> Lire la suite\u00a0\u00bb<\/a><\/p>\n","protected":false},"author":1,"featured_media":0,"parent":1941,"menu_order":0,"comment_status":"open","ping_status":"closed","template":"","meta":{"wprm-recipe-roundup-name":"","wprm-recipe-roundup-description":"","site-sidebar-layout":"default","site-content-layout":"default","ast-global-header-display":"","ast-main-header-display":"","ast-hfb-above-header-display":"","ast-hfb-below-header-display":"","ast-hfb-mobile-header-display":"","site-post-title":"","ast-breadcrumbs-content":"","ast-featured-img":"","footer-sml-layout":"","theme-transparent-header-meta":"","adv-header-id-meta":"","stick-header-meta":"","header-above-stick-meta":"","header-main-stick-meta":"","header-below-stick-meta":"","footnotes":""},"class_list":["post-2842","page","type-page","status-publish","hentry"],"_links":{"self":[{"href":"https:\/\/tradicuisine.com\/index.php\/wp-json\/wp\/v2\/pages\/2842","targetHints":{"allow":["GET"]}}],"collection":[{"href":"https:\/\/tradicuisine.com\/index.php\/wp-json\/wp\/v2\/pages"}],"about":[{"href":"https:\/\/tradicuisine.com\/index.php\/wp-json\/wp\/v2\/types\/page"}],"author":[{"embeddable":true,"href":"https:\/\/tradicuisine.com\/index.php\/wp-json\/wp\/v2\/users\/1"}],"replies":[{"embeddable":true,"href":"https:\/\/tradicuisine.com\/index.php\/wp-json\/wp\/v2\/comments?post=2842"}],"version-history":[{"count":0,"href":"https:\/\/tradicuisine.com\/index.php\/wp-json\/wp\/v2\/pages\/2842\/revisions"}],"up":[{"embeddable":true,"href":"https:\/\/tradicuisine.com\/index.php\/wp-json\/wp\/v2\/pages\/1941"}],"wp:attachment":[{"href":"https:\/\/tradicuisine.com\/index.php\/wp-json\/wp\/v2\/media?parent=2842"}],"curies":[{"name":"wp","href":"https:\/\/api.w.org\/{rel}","templated":true}]}}