{"id":2465,"date":"2020-04-15T07:53:53","date_gmt":"2020-04-15T06:53:53","guid":{"rendered":"https:\/\/tradicuisine.com\/?page_id=2465"},"modified":"2020-04-15T07:53:53","modified_gmt":"2020-04-15T06:53:53","slug":"kasuri-methi","status":"publish","type":"page","link":"https:\/\/tradicuisine.com\/index.php\/ingredients-indispensables\/cuisine-indienne\/kasuri-methi\/","title":{"rendered":"Fenugrec"},"content":{"rendered":"\n<p>Le fenugrec est une plante herbac\u00e9e originaire d&rsquo;Afrique du Nord, qui s&rsquo;est r\u00e9pandu tr\u00e8s t\u00f4t en Inde o\u00f9 on l&rsquo;appelle <strong><em>kasuri<\/em><\/strong> (\u092e\u0947\u0925\u0940). <\/p>\n\n\n\n<p>Les graines de fenugrec sont de couleur jaune\/marron, et sont souvent utilis\u00e9es pour faire des m\u00e9langes d&rsquo;\u00e9pices (currys) une fois grill\u00e9es puis r\u00e9duites en poudre. <\/p>\n\n\n\n<p>Les feuilles de fenugrec sont utilis\u00e9es un peu comme des \u00e9pinards dans de nombreux plats comme le fameux <strong><em>aloo methi<\/em><\/strong> (\u0906\u0932\u0942 \u092e\u0947\u0925\u0940) qui est compos\u00e9 de pommes de terre et de feuilles de fenugrec. <\/p>\n\n\n\n<p>Quand elles ont \u00e9t\u00e9 s\u00e9ch\u00e9es, les feuilles de fenugrec sont appel\u00e9es<strong> <em>kasuri methi<\/em> <\/strong>(\u0915\u0938\u0942\u0930\u0940 \u092e\u0947\u0925\u0940) et sont employ\u00e9es comme une \u00e9pice ayant un ar\u00f4me assez fort et un go\u00fbt un peu amer. Le <em>kasuri methi<\/em> est souvent ajout\u00e9 en petite quantit\u00e9, \u00e0 la fin de la cuisson, comme par exemple dans le <a href=\"https:\/\/tradicuisine.com\/index.php\/inde\/butter-chicken\/\">poulet au beurre (butter chicken)<\/a> et le <a href=\"https:\/\/tradicuisine.com\/index.php\/inde\/fromage-indien-dans-une-sauce-aux-epinards\/\">palak paneer<\/a>. <\/p>\n\n\n\n<h3 class=\"wp-block-heading\">O\u00f9 trouver des feuilles de fenugrec ?<\/h3>\n\n\n\n<p>En France, on trouve difficilement des feuilles de fenugrec fra\u00eeches. Par contre, on trouve plus facilement du <em>kasuri methi<\/em>, notamment dans certaines \u00e9piceries indiennes pr\u00e8s du m\u00e9tro Gare du Nord (comme <a href=\"https:\/\/www.facebook.com\/pages\/VS-Co-Cash-Carry\/297969607306161\">VS CO Cash and Carry<\/a>) ou du m\u00e9tro La Chapelle (comme <a href=\"https:\/\/velan.paris\/magasins\">Velan<\/a>). On peut aussi en acheter en ligne :<\/p>\n\n\n\n<ul class=\"wp-block-list\"><li><a href=\"https:\/\/amzn.to\/37TyUTJ\">Amazon (lien 1)<\/a><\/li><li><a href=\"https:\/\/amzn.to\/2V65DQw\">Amazon (lien 2)<\/a><\/li><li><a href=\"https:\/\/www.pankaj-boutique.com\/fr\/epices-indiennes\/38-fenugrec-feuille-methi-epice-indienne.html\">Pankaj-boutique.com<\/a><\/li><\/ul>\n\n\n\n<h3 class=\"wp-block-heading\">Quels substituts aux feuilles de fenugrec s\u00e9ch\u00e9es (kasuri methi) ?<\/h3>\n\n\n\n<p>Le <em>kasuri methi<\/em> a un go\u00fbt assez fort et distinctif, ce qui complique la recherche de substitut. Si vous n&rsquo;arrivez pas \u00e0 en trouver, vous pouvez essayer de le remplacer par :<\/p>\n\n\n\n<ul class=\"wp-block-list\"><li>des feuilles de c\u00e9leri hach\u00e9es (\u00e0 volume \u00e9gal), pour ajouter une amertume similaire,<\/li><li>quelques gouttes de sirop d&rsquo;\u00e9rable pour avoir une odeur qui s&rsquo;en rapproche.<\/li><\/ul>\n\n\n\n<p>Il faudra ajouter ces deux ingr\u00e9dients en fin de cuisson.<\/p>\n\n\n\n<h3 class=\"wp-block-heading\">Quels substituts aux feuilles de fenugrec fra\u00eeches ?<\/h3>\n\n\n\n<p>Tr\u00e8s souvent, il suffit de remplacer les feuilles de fenugrec fra\u00eeches par du <em>kasuri methi<\/em> r\u00e9hydrat\u00e9, en divisant par trois les quantit\u00e9s car le <em>kasuri methi<\/em> a un go\u00fbt plus fort. <\/p>\n\n\n\n<p>Dans les recettes qui demandent de faire mijoter des feuilles de fenugrec fra\u00eeches en grande quantit\u00e9, il peut \u00eatre pr\u00e9f\u00e9rable de les remplacer par un peu moins de <em>kasuri methi<\/em> et de compl\u00e9ter avec des \u00e9pinards ou des feuilles de c\u00e9leri pour avoir une texture plus similaire.<\/p>\n","protected":false},"excerpt":{"rendered":"<p>Le fenugrec est une plante herbac\u00e9e originaire d&rsquo;Afrique du Nord, qui s&rsquo;est r\u00e9pandu tr\u00e8s t\u00f4t en Inde o\u00f9 on l&rsquo;appelle kasuri (\u092e\u0947\u0925\u0940). Les graines de fenugrec sont de couleur jaune\/marron, et sont souvent utilis\u00e9es pour faire des m\u00e9langes d&rsquo;\u00e9pices (currys) une fois grill\u00e9es puis r\u00e9duites en poudre. Les feuilles de fenugrec sont utilis\u00e9es un peu &hellip;<\/p>\n<p class=\"read-more\"> <a class=\"\" href=\"https:\/\/tradicuisine.com\/index.php\/ingredients-indispensables\/cuisine-indienne\/kasuri-methi\/\"> <span class=\"screen-reader-text\">Fenugrec<\/span> Lire la suite\u00a0\u00bb<\/a><\/p>\n","protected":false},"author":1,"featured_media":0,"parent":1937,"menu_order":0,"comment_status":"open","ping_status":"closed","template":"","meta":{"wprm-recipe-roundup-name":"","wprm-recipe-roundup-description":"","site-sidebar-layout":"default","site-content-layout":"default","ast-global-header-display":"","ast-main-header-display":"","ast-hfb-above-header-display":"","ast-hfb-below-header-display":"","ast-hfb-mobile-header-display":"","site-post-title":"","ast-breadcrumbs-content":"","ast-featured-img":"","footer-sml-layout":"","theme-transparent-header-meta":"default","adv-header-id-meta":"","stick-header-meta":"","header-above-stick-meta":"","header-main-stick-meta":"","header-below-stick-meta":"","footnotes":""},"class_list":["post-2465","page","type-page","status-publish","hentry"],"_links":{"self":[{"href":"https:\/\/tradicuisine.com\/index.php\/wp-json\/wp\/v2\/pages\/2465","targetHints":{"allow":["GET"]}}],"collection":[{"href":"https:\/\/tradicuisine.com\/index.php\/wp-json\/wp\/v2\/pages"}],"about":[{"href":"https:\/\/tradicuisine.com\/index.php\/wp-json\/wp\/v2\/types\/page"}],"author":[{"embeddable":true,"href":"https:\/\/tradicuisine.com\/index.php\/wp-json\/wp\/v2\/users\/1"}],"replies":[{"embeddable":true,"href":"https:\/\/tradicuisine.com\/index.php\/wp-json\/wp\/v2\/comments?post=2465"}],"version-history":[{"count":0,"href":"https:\/\/tradicuisine.com\/index.php\/wp-json\/wp\/v2\/pages\/2465\/revisions"}],"up":[{"embeddable":true,"href":"https:\/\/tradicuisine.com\/index.php\/wp-json\/wp\/v2\/pages\/1937"}],"wp:attachment":[{"href":"https:\/\/tradicuisine.com\/index.php\/wp-json\/wp\/v2\/media?parent=2465"}],"curies":[{"name":"wp","href":"https:\/\/api.w.org\/{rel}","templated":true}]}}