{"id":1941,"date":"2020-04-07T15:13:01","date_gmt":"2020-04-07T14:13:01","guid":{"rendered":"https:\/\/tradicuisine.com\/?page_id=1941"},"modified":"2020-04-07T15:13:01","modified_gmt":"2020-04-07T14:13:01","slug":"cuisine-du-maghreb","status":"publish","type":"page","link":"https:\/\/tradicuisine.com\/index.php\/ingredients-indispensables\/cuisine-du-maghreb\/","title":{"rendered":"Cuisine Maghr\u00e9bine"},"content":{"rendered":"\n<p>Dans les articles suivants, je vous pr\u00e9sente des ingr\u00e9dients typiques de la cuisine maghr\u00e9bine, ce qui vous permettra de r\u00e9aliser toutes mes recettes du Maghreb sans difficult\u00e9. Vous allez voir qu&rsquo;il ne faut pas grand chose pour r\u00e9aliser de d\u00e9licieux plats traditionnels \u00e0 la maison \ud83d\ude42<\/p>\n\n\n\n<ul class=\"wp-block-list\"><li><a href=\"https:\/\/tradicuisine.com\/index.php\/ingredients-indispensables\/cuisine-indienne\/beurre-clarifie\/\">Beurre Clarifi\u00e9 (Smen)<\/a><\/li><li><a href=\"https:\/\/tradicuisine.com\/index.php\/ingredients-indispensables\/cuisine-du-maghreb\/harissa\/\">Pur\u00e9e de Piment (Harissa)<\/a><\/li><li><a href=\"https:\/\/tradicuisine.com\/index.php\/ingredients-indispensables\/cuisine-du-maghreb\/ras-el-hanout\/\">Ras El Hanout<\/a><\/li><\/ul>\n\n\n\n<p>Cette page sera compl\u00e9t\u00e9e au fur et \u00e0 mesure que j&rsquo;ajouterai des recettes du Maghreb sur mon site web \ud83d\ude09<\/p>\n","protected":false},"excerpt":{"rendered":"<p>Dans les articles suivants, je vous pr\u00e9sente des ingr\u00e9dients typiques de la cuisine maghr\u00e9bine, ce qui vous permettra de r\u00e9aliser toutes mes recettes du Maghreb sans difficult\u00e9. Vous allez voir qu&rsquo;il ne faut pas grand chose pour r\u00e9aliser de d\u00e9licieux plats traditionnels \u00e0 la maison \ud83d\ude42 Beurre Clarifi\u00e9 (Smen) Pur\u00e9e de Piment (Harissa) Ras El &hellip;<\/p>\n<p class=\"read-more\"> <a class=\"\" href=\"https:\/\/tradicuisine.com\/index.php\/ingredients-indispensables\/cuisine-du-maghreb\/\"> <span class=\"screen-reader-text\">Cuisine Maghr\u00e9bine<\/span> Lire la suite\u00a0\u00bb<\/a><\/p>\n","protected":false},"author":1,"featured_media":5393,"parent":1735,"menu_order":0,"comment_status":"closed","ping_status":"closed","template":"","meta":{"wprm-recipe-roundup-name":"","wprm-recipe-roundup-description":"","site-sidebar-layout":"default","site-content-layout":"default","ast-global-header-display":"","ast-main-header-display":"","ast-hfb-above-header-display":"","ast-hfb-below-header-display":"","ast-hfb-mobile-header-display":"","site-post-title":"","ast-breadcrumbs-content":"","ast-featured-img":"","footer-sml-layout":"","theme-transparent-header-meta":"default","adv-header-id-meta":"","stick-header-meta":"","header-above-stick-meta":"","header-main-stick-meta":"","header-below-stick-meta":"","footnotes":""},"class_list":["post-1941","page","type-page","status-publish","has-post-thumbnail","hentry"],"_links":{"self":[{"href":"https:\/\/tradicuisine.com\/index.php\/wp-json\/wp\/v2\/pages\/1941","targetHints":{"allow":["GET"]}}],"collection":[{"href":"https:\/\/tradicuisine.com\/index.php\/wp-json\/wp\/v2\/pages"}],"about":[{"href":"https:\/\/tradicuisine.com\/index.php\/wp-json\/wp\/v2\/types\/page"}],"author":[{"embeddable":true,"href":"https:\/\/tradicuisine.com\/index.php\/wp-json\/wp\/v2\/users\/1"}],"replies":[{"embeddable":true,"href":"https:\/\/tradicuisine.com\/index.php\/wp-json\/wp\/v2\/comments?post=1941"}],"version-history":[{"count":0,"href":"https:\/\/tradicuisine.com\/index.php\/wp-json\/wp\/v2\/pages\/1941\/revisions"}],"up":[{"embeddable":true,"href":"https:\/\/tradicuisine.com\/index.php\/wp-json\/wp\/v2\/pages\/1735"}],"wp:featuredmedia":[{"embeddable":true,"href":"https:\/\/tradicuisine.com\/index.php\/wp-json\/"}],"wp:attachment":[{"href":"https:\/\/tradicuisine.com\/index.php\/wp-json\/wp\/v2\/media?parent=1941"}],"curies":[{"name":"wp","href":"https:\/\/api.w.org\/{rel}","templated":true}]}}