{"id":1911,"date":"2020-04-07T08:56:27","date_gmt":"2020-04-07T07:56:27","guid":{"rendered":"https:\/\/tradicuisine.com\/?page_id=1911"},"modified":"2020-04-07T08:56:27","modified_gmt":"2020-04-07T07:56:27","slug":"les-sauces","status":"publish","type":"page","link":"https:\/\/tradicuisine.com\/index.php\/ingredients-indispensables\/cuisine-coreenne\/les-sauces\/","title":{"rendered":"Les sauces cor\u00e9ennes indispensables"},"content":{"rendered":"\n<p>Dans cet article, je pr\u00e9sente trois sauces essentielles dans la cuisine cor\u00e9enne : <\/p>\n\n\n\n<ul class=\"wp-block-list\"><li>la sauce soja cor\u00e9enne, appel\u00e9e <strong><em>ganjang<\/em><\/strong> (\uac04\uc7a5)<\/li><li>la sauce poisson cor\u00e9enne, appel\u00e9e <strong><em>aecjeot<\/em><\/strong> (\uc561\uc813)<\/li><li>l&rsquo;alcool de riz, appel\u00e9 <strong><em>mirim<\/em><\/strong> (\ubbf8\ub9bc)<\/li><\/ul>\n\n\n\n<hr class=\"wp-block-separator is-style-wide\"\/>\n\n\n\n<h3 class=\"wp-block-heading\">Sauce soja cor\u00e9enne (ganjang) :<\/h3>\n\n\n\n<p>Dans la cuisine cor\u00e9enne, on peut distinguer deux types de sauce soja : <\/p>\n\n\n\n<ul class=\"wp-block-list\"><li>la sauce soja dite \u00ab\u00a0pour soupe\u00a0\u00bb, appel\u00e9e <strong><em>guk-ganjang<\/em><\/strong> (\uad6d\uac04\uc7a5)<\/li><li>et la sauce soja dite \u00ab\u00a0classique\u00a0\u00bb, appel\u00e9e simplement <strong><em>ganjang<\/em><\/strong> (\uac04\uc7a5).<\/li><\/ul>\n\n\n\n<p>Le <strong><em>guk-ganjang<\/em><\/strong> est la sauce soja traditionnelle cor\u00e9enne, utilis\u00e9e depuis plusieurs centaines d&rsquo;ann\u00e9es. Cette sauce est assez sal\u00e9e, riche en saveurs, et de couleur brun clair, ce qui permet d&rsquo;assaisonner les soupes et les rago\u00fbts sans vraiment changer l&rsquo;apparence du bouillon. La sauce <em>guk-ganjang<\/em> est un r\u00e9sidu de la production de la p\u00e2te ferment\u00e9e <a href=\"https:\/\/tradicuisine.com\/index.php\/ingredients-indispensables\/cuisine-coreenne\/pates-coreennes\/\">doenjang<\/a>. Plus pr\u00e9cis\u00e9ment, le <em>guk-ganjang<\/em> est obtenu en faisant bouillir le liquide qui se trouve au fond du pot qui a \u00e9t\u00e9 utilis\u00e9 lors de la fermentation des graines de soja. Faire bouillir cette sauce est une \u00e9tape facultative permettant d&rsquo;\u00e9viter la formation de moisissure pour pouvoir conserver cette sauce tr\u00e8s longtemps, le temps de d\u00e9velopper des saveurs encore plus profondes. Dans certaines familles cor\u00e9ennes, le <em>guk-ganjang<\/em> se transmet de g\u00e9n\u00e9ration en g\u00e9n\u00e9ration pour pouvoir utiliser une d\u00e9licieuse sauce lors des grandes occasions. Dans la cuisine moderne cor\u00e9enne, la sauce <em>guk-ganjang<\/em> est de moins en moins pr\u00e9sente, notamment parce que la p\u00e2te <a href=\"https:\/\/tradicuisine.com\/index.php\/ingredients-indispensables\/cuisine-coreenne\/pates-coreennes\/\">doenjang<\/a> est plus souvent achet\u00e9e toute faite que r\u00e9alis\u00e9e \u00e0 la maison. <\/p>\n\n\n\n<p>La sauce <strong><em>ganjang<\/em><\/strong>, aussi appel\u00e9e <strong><em>whe-ganjang<\/em><\/strong> (\uc65c\uac04\uc7a5), a \u00e9t\u00e9 introduite plus r\u00e9cemment dans la cuisine cor\u00e9enne par les japonais. Cette sauce dite \u00ab\u00a0classique\u00a0\u00bb est produite de mani\u00e8re compl\u00e8tement diff\u00e9rente, par fermentation de graines de soja avec du bl\u00e9. Cette diff\u00e9rence se traduit par une sauce plus fonc\u00e9e et moins sal\u00e9e que la sauce <em>guk-ganjang<\/em>. Par ailleurs, le<strong> <\/strong><em>ganjang<\/em> poss\u00e8de un go\u00fbt moins prononc\u00e9 et l\u00e9g\u00e8rement sucr\u00e9 par rapport au <em>guk-ganjang<\/em>. De ce fait, la sauce <em>ganjang<\/em> convient mieux \u00e0 une utilisation quotidienne, par exemple comme sauce trempette ou comme assaisonnement l\u00e9ger de plats saut\u00e9s ou de marinades.<\/p>\n\n\n\n<p>Apr\u00e8s ouverture, ces sauces peuvent \u00eatre conserv\u00e9es \u00e0 temp\u00e9rature ambiante, \u00e0 l&rsquo;abri de la lumi\u00e8re.<\/p>\n\n\n\n<h4 class=\"wp-block-heading\"><strong>O\u00f9 acheter de la sauce soja cor\u00e9enne ? <\/strong><\/h4>\n\n\n\n<p>La marque cor\u00e9enne la plus connue est <a href=\"http:\/\/en.sempio.com\/\">Sempio<\/a>, et vous pouvez en trouver dans les \u00e9piceries cor\u00e9ennes de Paris (comme <a href=\"https:\/\/www.k-mart.fr\/\">K-Mart<\/a>). Vous pouvez aussi en acheter en ligne :<\/p>\n\n\n\n<p><strong><em>Sauce guk-ganjang : <\/em><\/strong><\/p>\n\n\n\n<ul class=\"wp-block-list\"><li><a href=\"https:\/\/www.kimchi-passion.fr\/sauces-et-assaisonnements\/1416-sauce-soja-pour-soupe-930ml-sempio-8801005109215.html\">Kimchi-passion.fr<\/a><\/li><li><a href=\"https:\/\/epicerie-coreenne.com\/sauces-pates\/255-sauce-soja-jin-soupe-sempio-930-ml-8801005109215.html\">Epicerie-coreenne.com<\/a><\/li><\/ul>\n\n\n\n<p><strong><em>Sauce ganjang :<\/em><\/strong><\/p>\n\n\n\n<ul class=\"wp-block-list\"><li><a href=\"https:\/\/amzn.to\/2BoVrfe\">Amazon.fr (sans gluten)<\/a><\/li><li><a href=\"https:\/\/epicerie-coreenne.com\/sauces-pates\/49-sauce-soja-jin-s-930ml-sempio-8801005105200.html\">Epicerie-coreenne.com<\/a><\/li><li><a href=\"https:\/\/www.kimchi-passion.fr\/sauces-soja\/128-sauce-soja-gold-f-3-930-ml-sempio.html\">Kimchi-passion.fr<\/a><\/li><\/ul>\n\n\n\n<h4 class=\"wp-block-heading\"><strong>Quels substituts \u00e0 la sauce soja cor\u00e9enne  ?<\/strong><\/h4>\n\n\n\n<p>Si vous n&rsquo;arrivez pas \u00e0 vous procurer de la sauce soja cor\u00e9enne, ou bien que vous n&rsquo;avez pas envie de multiplier les sauces dans vos placards, vous pouvez opter pour les substituts suivants.<\/p>\n\n\n\n<p><strong><em>Sauce guk-ganjang :<\/em><\/strong><\/p>\n\n\n\n<p>La sauce <em>guk-ganjang<\/em> peut \u00eatre remplac\u00e9e par un m\u00e9lange de sauce <em>ganjang<\/em> et de sauce poisson (cor\u00e9enne ou autre) \u00e0 quantit\u00e9 \u00e9gale. Par exemple, pour 1 c\u00e0s de <em>guk-ganjang<\/em>, il faut utiliser 1\/2 c\u00e0s de sauce poisson et 1\/2 c\u00e0s de <em>ganjang<\/em>. <\/p>\n\n\n\n<p>Si vous n&rsquo;avez pas de sauce poisson, vous pouvez remplacer la sauce poisson par de l&rsquo;eau l\u00e9g\u00e8rement sal\u00e9e, car la sauce <em>guk-ganjang<\/em> est plus claire et plus sal\u00e9e que la sauce <em>ganjang<\/em>. <\/p>\n\n\n\n<p><strong><em>Sauce ganjang :<\/em><\/strong><\/p>\n\n\n\n<p>La <a href=\"https:\/\/tradicuisine.com\/index.php\/ingredients-indispensables\/cuisine-japonaise\/les-sauces-japonaises-indispensables\/\">sauce soja japonaise<\/a> est un excellent substitut \u00e0 la sauce soja cor\u00e9enne qui est en fait issue de la sauce japonaise. Pour ma part, c&rsquo;est ce que j&rsquo;utilise \u00e0 la maison quand je cuisine des plats cor\u00e9ens. <\/p>\n\n\n\n<hr class=\"wp-block-separator is-style-wide\"\/>\n\n\n\n<h3 class=\"wp-block-heading\">Sauce poisson cor\u00e9enne (aecjeot)<\/h3>\n\n\n\n<p>La sauce poisson cor\u00e9enne, appel\u00e9e <strong><em>aecjeot<\/em><\/strong> (\uc561\uc813), est \u00e0 l&rsquo;origine un agent de fermentation actif r\u00e9alis\u00e9 \u00e0 partir de poisson, g\u00e9n\u00e9ralement de l&rsquo;anchois, et utilis\u00e9 essentiellement pour r\u00e9aliser du <a href=\"https:\/\/tradicuisine.com\/index.php\/ingredients-indispensables\/cuisine-coreenne\/kimchi\/\">kimchi<\/a>. Plus rarement, cette sauce sert d&rsquo;assaisonnement aux soupes et aux l\u00e9gumes, notamment en remplacement de la sauce soja <em>guk-ganjang<\/em> (cf. paragraphe pr\u00e9c\u00e9dent). La sauce poisson est de couleur brun clair, sal\u00e9e mais aussi l\u00e9g\u00e8rement sucr\u00e9e, et riche en umami. <\/p>\n\n\n\n<p>N&rsquo;achetez pas une bouteille de sauce contenant un liquide de couleur brun fonc\u00e9, car cela signifie que la sauce poisson a d\u00e9j\u00e0 perdu en saveur. Apr\u00e8s ouverture, cette sauce peut \u00eatre conserv\u00e9e \u00e0 temp\u00e9rature ambiante, \u00e0 l&rsquo;abri de la lumi\u00e8re, mais elle perd en saveur avec le temps. De ce fait, il est pr\u00e9f\u00e9rable de la conserver au r\u00e9frig\u00e9rateur si vous ne l&rsquo;utilisez pas souvent.<\/p>\n\n\n\n<h4 class=\"wp-block-heading\"><strong>O\u00f9 trouver de la sauce poisson cor\u00e9enne ?<\/strong><\/h4>\n\n\n\n<p>Vous pouvez en trouver dans certaines \u00e9piceries cor\u00e9ennes de Paris (comme <a href=\"https:\/\/www.k-mart.fr\/\">K-Mart<\/a>), mais vous pouvez aussi en acheter en ligne :<\/p>\n\n\n\n<ul class=\"wp-block-list\"><li><a href=\"https:\/\/www.kimchi-passion.fr\/sauces-d-huitres-et-sauces-poissons\/330-sauce-d-anchois-daesang-830ml-8801052737874.html\">Kimchi-passion.fr<\/a><\/li><li><a href=\"https:\/\/epicerie-coreenne.com\/sauces-pates\/345-sauce-coreenne-anchois-830ml-8801052737874.html\">Epicerie-coreenne.com<\/a><\/li><\/ul>\n\n\n\n<h4 class=\"wp-block-heading\"><strong>Quels substituts \u00e0 la sauce poisson cor\u00e9enne ?<\/strong><\/h4>\n\n\n\n<p>La sauce poisson tha\u00eflandaise\/vietnamienne est un excellent substitut de la sauce cor\u00e9enne. En particulier, la marque <strong><em>Three Crabs<\/em><\/strong> est tr\u00e8s populaire en Cor\u00e9e du sud, celle-ci permettant de r\u00e9aliser un <a href=\"https:\/\/tradicuisine.com\/index.php\/ingredients-indispensables\/cuisine-coreenne\/kimchi\/\">kimchi<\/a> tout aussi savoureux. N\u00e9anmoins, la fermentation \u00e9tant un peu moins bien contr\u00f4l\u00e9e, je vous conseille de laisser votre <a href=\"https:\/\/tradicuisine.com\/index.php\/ingredients-indispensables\/cuisine-coreenne\/kimchi\/\">kimchi<\/a> fermenter un ou deux jours \u00e0 temp\u00e9rature ambiante, puis de le mettre au r\u00e9frig\u00e9rateur et de le consommer dans l&rsquo;ann\u00e9e. <\/p>\n\n\n\n<p>En ce qui me concerne, j&rsquo;utilise la m\u00eame sauce poisson pour la cuisine cor\u00e9enne, tha\u00eflandaise et vietnamienne. Selon ce que je trouve en magasin, j&rsquo;utilise :<\/p>\n\n\n\n<ul class=\"wp-block-list\"><li>Soit la marque <strong><em>Three Crabs<\/em><\/strong>, qui est un sauce de qualit\u00e9 excellente, mais qui n&rsquo;est pas facile \u00e0 trouver en France. <\/li><li>Soit la marque <strong><em>Squid<\/em><\/strong> qui est moins ch\u00e8re que la pr\u00e9c\u00e9dente, de bonne qualit\u00e9 et tr\u00e8s r\u00e9pandue en France. <\/li><\/ul>\n\n\n\n<p>Quelques liens :<\/p>\n\n\n\n<ul class=\"wp-block-list\"><li><a href=\"https:\/\/amzn.to\/2BlzDRs\">Amazon.fr (Three Crabs)<\/a><\/li><li><a href=\"https:\/\/amzn.to\/3fIvLZP\">Amazon.fr (Squid)<\/a><\/li><li><a href=\"https:\/\/www.le-marche-d-asie.com\/epices-sauces-et-condiments\/310-sauce-de-poisson-thai-nuoc-mam-725ml-squid-brand.html\">Le-marche-d-asie.com (Squid)<\/a><\/li><li><a href=\"https:\/\/www.kimchi-passion.fr\/sauces-d-huitres-et-sauces-poissons\/205-sauce-poisson-calamar-nuoc-mam-300ml.html\">Kimchi-passion.fr (Squid)<\/a><\/li><li><a href=\"https:\/\/www.asiamarche.fr\/condiments-asiatiques\/1380-528-sauce-de-poisson-thai-nam-pla-nuoc-mam-300ml.html\">Asiamarche.fr (Squid)<\/a><\/li><li><a href=\"https:\/\/www.arts2chine.fr\/2654-sauce-poisson-squid-300ml.html\">Arts2chine.fr (Squid)<\/a><\/li><li><a href=\"https:\/\/www.asianmarket.fr\/sauce-de-poisson-200ml-1202.html\">Asianmarket.fr (Squid)<\/a><\/li><\/ul>\n\n\n\n<hr class=\"wp-block-separator is-style-wide\"\/>\n\n\n\n<h3 class=\"wp-block-heading\">L&rsquo;alcool de riz cor\u00e9en (mirim) :<\/h3>\n\n\n\n<p>Le <em><strong>mirim<\/strong><\/em> (\ubbf8\ub9bc), appel\u00e9 <a href=\"https:\/\/tradicuisine.com\/index.php\/ingredients-indispensables\/cuisine-japonaise\/les-sauces-japonaises-indispensables\/\">mirin<\/a> (\u307f\u308a\u3093) en japonais, est un alcool de riz jaun\u00e2tre l\u00e9g\u00e8rement sucr\u00e9, qui permet de rehausser le go\u00fbt des plats, tout en ajoutant un peu de douceur. Quand le <em><em>mirim<\/em><\/em> est ajout\u00e9 aux marinades de viandes ou de poissons, ces derniers deviennent plus tendres et plus go\u00fbtues, et leurs odeurs ind\u00e9sirables sont \u00e9limin\u00e9es. De ce fait, le <em><em>mirim<\/em><\/em> est un ingr\u00e9dient cl\u00e9 dans les marinades pour barbecue cor\u00e9en.<\/p>\n\n\n\n<p>Apr\u00e8s ouverture, le <em>mirim<\/em> doit \u00eatre conserv\u00e9 au r\u00e9frig\u00e9rateur et consomm\u00e9 dans l\u2019ann\u00e9e. Pensez \u00e0 secouer un peu la bouteille avant chaque utilisation, car le sucre a tendance \u00e0 se cristalliser.<\/p>\n\n\n\n<h4 class=\"wp-block-heading\"><strong>O\u00f9 trouver de l&rsquo;alcool de riz cor\u00e9en ?<\/strong><\/h4>\n\n\n\n<p>La marque cor\u00e9enne la plus connue est <strong><em>Lotte<\/em><\/strong>, mais ce n&rsquo;est pas si facile d&rsquo;en trouver dans les magasins en France. Vous pouvez en acheter en ligne sur cet site :<\/p>\n\n\n\n<ul class=\"wp-block-list\"><li><a href=\"https:\/\/epicerie-coreenne.com\/sauces-pates\/256-sauce-mirin-coreen-lotte-900-ml-8801056023713.html\">Epicerie-coreenne.com<\/a><\/li><\/ul>\n\n\n\n<p>On trouve plus facilement la version japonaise dans certaines \u00e9piceries \u00e0 Paris (comme <a href=\"https:\/\/www.kioko.fr\/fr\/content\/7-magasin\">Kioko<\/a>), et parfois dans les grandes enseignes asiatiques comme <a href=\"https:\/\/www.tang-freres.fr\/\">Tang Fr\u00e8res<\/a> et <a href=\"https:\/\/paris-store.com\/\">Paris Store<\/a>. On peut aussi en acheter en ligne :<\/p>\n\n\n\n<ul class=\"wp-block-list\"><li><a href=\"https:\/\/amzn.to\/2YNzVc3\">Amazon.fr<\/a><\/li><li><a href=\"https:\/\/www.satsuki.fr\/mirin-400ml.htm\">Satsuki.fr<\/a><\/li><li><a href=\"https:\/\/www.japancentre.com\/fr\/products\/951-takara-hon-mirin-rice-wine\">Japancentre.com<\/a><\/li><li><a href=\"https:\/\/www.kioko.fr\/fr\/1780-hinode-hon-mirin-junryo-145-600-ml.html\">Kioko.fr<\/a><\/li><\/ul>\n\n\n\n<h4 class=\"wp-block-heading\"><strong>Quels substituts \u00e0 l&rsquo;alcool de riz cor\u00e9en ?<\/strong><\/h4>\n\n\n\n<p>Tout d&rsquo;abord, ce n&rsquo;est pas la peine d&rsquo;avoir \u00e0 la fois du <em>mirim<\/em> (cor\u00e9en) et du <em>mirin<\/em> (japonais) dans votre r\u00e9frig\u00e9rateur puisque ces deux sauces sont (quasiment) les m\u00eames. Si vous n&rsquo;avez aucune de ces sauces, vous pouvez utiliser les diff\u00e9rents substituts que j&rsquo;ai pr\u00e9sent\u00e9s pour le <a href=\"https:\/\/tradicuisine.com\/index.php\/ingredients-indispensables\/cuisine-japonaise\/les-sauces-japonaises-indispensables\/\">mirin japonais<\/a>. <\/p>\n","protected":false},"excerpt":{"rendered":"<p>Dans cet article, je pr\u00e9sente trois sauces essentielles dans la cuisine cor\u00e9enne : la sauce soja cor\u00e9enne, appel\u00e9e ganjang (\uac04\uc7a5) la sauce poisson cor\u00e9enne, appel\u00e9e aecjeot (\uc561\uc813) l&rsquo;alcool de riz, appel\u00e9 mirim (\ubbf8\ub9bc) Sauce soja cor\u00e9enne (ganjang) : Dans la cuisine cor\u00e9enne, on peut distinguer deux types de sauce soja : la sauce soja dite &hellip;<\/p>\n<p class=\"read-more\"> <a class=\"\" href=\"https:\/\/tradicuisine.com\/index.php\/ingredients-indispensables\/cuisine-coreenne\/les-sauces\/\"> <span class=\"screen-reader-text\">Les sauces cor\u00e9ennes indispensables<\/span> Lire la suite\u00a0\u00bb<\/a><\/p>\n","protected":false},"author":1,"featured_media":0,"parent":1856,"menu_order":0,"comment_status":"open","ping_status":"closed","template":"","meta":{"wprm-recipe-roundup-name":"","wprm-recipe-roundup-description":"","site-sidebar-layout":"default","site-content-layout":"default","ast-global-header-display":"","ast-main-header-display":"","ast-hfb-above-header-display":"","ast-hfb-below-header-display":"","ast-hfb-mobile-header-display":"","site-post-title":"","ast-breadcrumbs-content":"","ast-featured-img":"","footer-sml-layout":"","theme-transparent-header-meta":"default","adv-header-id-meta":"","stick-header-meta":"","header-above-stick-meta":"","header-main-stick-meta":"","header-below-stick-meta":"","footnotes":""},"class_list":["post-1911","page","type-page","status-publish","hentry"],"_links":{"self":[{"href":"https:\/\/tradicuisine.com\/index.php\/wp-json\/wp\/v2\/pages\/1911","targetHints":{"allow":["GET"]}}],"collection":[{"href":"https:\/\/tradicuisine.com\/index.php\/wp-json\/wp\/v2\/pages"}],"about":[{"href":"https:\/\/tradicuisine.com\/index.php\/wp-json\/wp\/v2\/types\/page"}],"author":[{"embeddable":true,"href":"https:\/\/tradicuisine.com\/index.php\/wp-json\/wp\/v2\/users\/1"}],"replies":[{"embeddable":true,"href":"https:\/\/tradicuisine.com\/index.php\/wp-json\/wp\/v2\/comments?post=1911"}],"version-history":[{"count":0,"href":"https:\/\/tradicuisine.com\/index.php\/wp-json\/wp\/v2\/pages\/1911\/revisions"}],"up":[{"embeddable":true,"href":"https:\/\/tradicuisine.com\/index.php\/wp-json\/wp\/v2\/pages\/1856"}],"wp:attachment":[{"href":"https:\/\/tradicuisine.com\/index.php\/wp-json\/wp\/v2\/media?parent=1911"}],"curies":[{"name":"wp","href":"https:\/\/api.w.org\/{rel}","templated":true}]}}